{"id":77,"date":"2022-11-29T20:43:18","date_gmt":"2022-11-29T20:43:18","guid":{"rendered":"https:\/\/scsystem.cl\/?post_type=product&#038;p=77"},"modified":"2022-11-29T20:43:19","modified_gmt":"2022-11-29T20:43:19","slug":"lector-codigo-de-barras-1-dimension","status":"publish","type":"product","link":"https:\/\/scsystem.cl\/index.php\/product\/lector-codigo-de-barras-1-dimension\/","title":{"rendered":"Lector codigo de barras 1 dimension."},"content":{"rendered":"<p>Aplicaci\u00f3n:<br \/>\n1. Supermercado, tienda y algunos sistemas comerciales POS;<br \/>\n2. Log\u00edstica, almacenamiento, bibliotecas, bancos, transporte y servicio postal<br \/>\n3. Gesti\u00f3n del proceso de fabricaci\u00f3n<br \/>\n4. Algunas industrias p\u00fablicas como el turismo, los seguros y el Gobierno.<\/p>\n","protected":false},"excerpt":{"rendered":"<p>Aplicaci\u00f3n: 1. Supermercado, tienda y algunos sistemas comerciales POS; 2. Log\u00edstica, almacenamiento, bibliotecas, bancos, transporte y servicio postal 3. Gesti\u00f3n del proceso de fabricaci\u00f3n 4. Algunas industrias p\u00fablicas como el turismo, los seguros y el Gobierno.<\/p>\n","protected":false},"featured_media":78,"template":"","meta":[],"product_cat":[23],"product_tag":[],"class_list":["post-77","product","type-product","status-publish","has-post-thumbnail","hentry","product_cat-lectores"],"yoast_head":"<!-- This site is optimized with the Yoast SEO plugin v19.10 - https:\/\/yoast.com\/wordpress\/plugins\/seo\/ -->\n<title>Lector codigo de barras 1 dimension. - scsystem<\/title>\n<meta name=\"robots\" content=\"index, follow, max-snippet:-1, max-image-preview:large, max-video-preview:-1\" \/>\n<link rel=\"canonical\" href=\"https:\/\/scsystem.cl\/index.php\/product\/lector-codigo-de-barras-1-dimension\/\" \/>\n<meta property=\"og:locale\" content=\"es_ES\" \/>\n<meta property=\"og:type\" content=\"article\" \/>\n<meta property=\"og:title\" content=\"Lector codigo de barras 1 dimension. - scsystem\" \/>\n<meta property=\"og:description\" content=\"Aplicaci\u00f3n: 1. Supermercado, tienda y algunos sistemas comerciales POS; 2. Log\u00edstica, almacenamiento, bibliotecas, bancos, transporte y servicio postal 3. Gesti\u00f3n del proceso de fabricaci\u00f3n 4. Algunas industrias p\u00fablicas como el turismo, los seguros y el Gobierno.\" \/>\n<meta property=\"og:url\" content=\"https:\/\/scsystem.cl\/index.php\/product\/lector-codigo-de-barras-1-dimension\/\" \/>\n<meta property=\"og:site_name\" content=\"scsystem\" \/>\n<meta property=\"article:modified_time\" content=\"2022-11-29T20:43:19+00:00\" \/>\n<meta property=\"og:image\" content=\"https:\/\/scsystem.cl\/wp-content\/uploads\/2022\/11\/Sistemas-punto-de-venta-y-control-de-inventario-8.png\" \/>\n\t<meta property=\"og:image:width\" content=\"1080\" \/>\n\t<meta property=\"og:image:height\" content=\"1080\" \/>\n\t<meta property=\"og:image:type\" content=\"image\/png\" \/>\n<meta name=\"twitter:card\" content=\"summary_large_image\" \/>\n<meta name=\"twitter:label1\" content=\"Est. reading time\" \/>\n\t<meta name=\"twitter:data1\" content=\"1 minuto\" \/>\n<script type=\"application\/ld+json\" class=\"yoast-schema-graph\">{\"@context\":\"https:\/\/schema.org\",\"@graph\":[{\"@type\":\"WebPage\",\"@id\":\"https:\/\/scsystem.cl\/index.php\/product\/lector-codigo-de-barras-1-dimension\/\",\"url\":\"https:\/\/scsystem.cl\/index.php\/product\/lector-codigo-de-barras-1-dimension\/\",\"name\":\"Lector codigo de barras 1 dimension. - scsystem\",\"isPartOf\":{\"@id\":\"https:\/\/scsystem.cl\/#website\"},\"datePublished\":\"2022-11-29T20:43:18+00:00\",\"dateModified\":\"2022-11-29T20:43:19+00:00\",\"breadcrumb\":{\"@id\":\"https:\/\/scsystem.cl\/index.php\/product\/lector-codigo-de-barras-1-dimension\/#breadcrumb\"},\"inLanguage\":\"es-CL\",\"potentialAction\":[{\"@type\":\"ReadAction\",\"target\":[\"https:\/\/scsystem.cl\/index.php\/product\/lector-codigo-de-barras-1-dimension\/\"]}]},{\"@type\":\"BreadcrumbList\",\"@id\":\"https:\/\/scsystem.cl\/index.php\/product\/lector-codigo-de-barras-1-dimension\/#breadcrumb\",\"itemListElement\":[{\"@type\":\"ListItem\",\"position\":1,\"name\":\"Home\",\"item\":\"https:\/\/scsystem.cl\/\"},{\"@type\":\"ListItem\",\"position\":2,\"name\":\"Productos\",\"item\":\"https:\/\/scsystem.cl\/index.php\/shop\/\"},{\"@type\":\"ListItem\",\"position\":3,\"name\":\"Lector codigo de barras 1 dimension.\"}]},{\"@type\":\"WebSite\",\"@id\":\"https:\/\/scsystem.cl\/#website\",\"url\":\"https:\/\/scsystem.cl\/\",\"name\":\"scsystem\",\"description\":\"\",\"publisher\":{\"@id\":\"https:\/\/scsystem.cl\/#organization\"},\"potentialAction\":[{\"@type\":\"SearchAction\",\"target\":{\"@type\":\"EntryPoint\",\"urlTemplate\":\"https:\/\/scsystem.cl\/?s={search_term_string}\"},\"query-input\":\"required name=search_term_string\"}],\"inLanguage\":\"es-CL\"},{\"@type\":\"Organization\",\"@id\":\"https:\/\/scsystem.cl\/#organization\",\"name\":\"scsystem\",\"url\":\"https:\/\/scsystem.cl\/\",\"logo\":{\"@type\":\"ImageObject\",\"inLanguage\":\"es-CL\",\"@id\":\"https:\/\/scsystem.cl\/#\/schema\/logo\/image\/\",\"url\":\"https:\/\/scsystem.cl\/wp-content\/uploads\/2023\/08\/icon.png\",\"contentUrl\":\"https:\/\/scsystem.cl\/wp-content\/uploads\/2023\/08\/icon.png\",\"width\":1024,\"height\":1024,\"caption\":\"scsystem\"},\"image\":{\"@id\":\"https:\/\/scsystem.cl\/#\/schema\/logo\/image\/\"}}]}<\/script>\n<!-- \/ Yoast SEO plugin. -->","yoast_head_json":{"title":"Lector codigo de barras 1 dimension. - scsystem","robots":{"index":"index","follow":"follow","max-snippet":"max-snippet:-1","max-image-preview":"max-image-preview:large","max-video-preview":"max-video-preview:-1"},"canonical":"https:\/\/scsystem.cl\/index.php\/product\/lector-codigo-de-barras-1-dimension\/","og_locale":"es_ES","og_type":"article","og_title":"Lector codigo de barras 1 dimension. - scsystem","og_description":"Aplicaci\u00f3n: 1. Supermercado, tienda y algunos sistemas comerciales POS; 2. Log\u00edstica, almacenamiento, bibliotecas, bancos, transporte y servicio postal 3. Gesti\u00f3n del proceso de fabricaci\u00f3n 4. Algunas industrias p\u00fablicas como el turismo, los seguros y el Gobierno.","og_url":"https:\/\/scsystem.cl\/index.php\/product\/lector-codigo-de-barras-1-dimension\/","og_site_name":"scsystem","article_modified_time":"2022-11-29T20:43:19+00:00","og_image":[{"width":1080,"height":1080,"url":"https:\/\/scsystem.cl\/wp-content\/uploads\/2022\/11\/Sistemas-punto-de-venta-y-control-de-inventario-8.png","type":"image\/png"}],"twitter_card":"summary_large_image","twitter_misc":{"Est. reading time":"1 minuto"},"schema":{"@context":"https:\/\/schema.org","@graph":[{"@type":"WebPage","@id":"https:\/\/scsystem.cl\/index.php\/product\/lector-codigo-de-barras-1-dimension\/","url":"https:\/\/scsystem.cl\/index.php\/product\/lector-codigo-de-barras-1-dimension\/","name":"Lector codigo de barras 1 dimension. - scsystem","isPartOf":{"@id":"https:\/\/scsystem.cl\/#website"},"datePublished":"2022-11-29T20:43:18+00:00","dateModified":"2022-11-29T20:43:19+00:00","breadcrumb":{"@id":"https:\/\/scsystem.cl\/index.php\/product\/lector-codigo-de-barras-1-dimension\/#breadcrumb"},"inLanguage":"es-CL","potentialAction":[{"@type":"ReadAction","target":["https:\/\/scsystem.cl\/index.php\/product\/lector-codigo-de-barras-1-dimension\/"]}]},{"@type":"BreadcrumbList","@id":"https:\/\/scsystem.cl\/index.php\/product\/lector-codigo-de-barras-1-dimension\/#breadcrumb","itemListElement":[{"@type":"ListItem","position":1,"name":"Home","item":"https:\/\/scsystem.cl\/"},{"@type":"ListItem","position":2,"name":"Productos","item":"https:\/\/scsystem.cl\/index.php\/shop\/"},{"@type":"ListItem","position":3,"name":"Lector codigo de barras 1 dimension."}]},{"@type":"WebSite","@id":"https:\/\/scsystem.cl\/#website","url":"https:\/\/scsystem.cl\/","name":"scsystem","description":"","publisher":{"@id":"https:\/\/scsystem.cl\/#organization"},"potentialAction":[{"@type":"SearchAction","target":{"@type":"EntryPoint","urlTemplate":"https:\/\/scsystem.cl\/?s={search_term_string}"},"query-input":"required name=search_term_string"}],"inLanguage":"es-CL"},{"@type":"Organization","@id":"https:\/\/scsystem.cl\/#organization","name":"scsystem","url":"https:\/\/scsystem.cl\/","logo":{"@type":"ImageObject","inLanguage":"es-CL","@id":"https:\/\/scsystem.cl\/#\/schema\/logo\/image\/","url":"https:\/\/scsystem.cl\/wp-content\/uploads\/2023\/08\/icon.png","contentUrl":"https:\/\/scsystem.cl\/wp-content\/uploads\/2023\/08\/icon.png","width":1024,"height":1024,"caption":"scsystem"},"image":{"@id":"https:\/\/scsystem.cl\/#\/schema\/logo\/image\/"}}]}},"_links":{"self":[{"href":"https:\/\/scsystem.cl\/index.php\/wp-json\/wp\/v2\/product\/77","targetHints":{"allow":["GET"]}}],"collection":[{"href":"https:\/\/scsystem.cl\/index.php\/wp-json\/wp\/v2\/product"}],"about":[{"href":"https:\/\/scsystem.cl\/index.php\/wp-json\/wp\/v2\/types\/product"}],"wp:featuredmedia":[{"embeddable":true,"href":"https:\/\/scsystem.cl\/index.php\/wp-json\/wp\/v2\/media\/78"}],"wp:attachment":[{"href":"https:\/\/scsystem.cl\/index.php\/wp-json\/wp\/v2\/media?parent=77"}],"wp:term":[{"taxonomy":"product_cat","embeddable":true,"href":"https:\/\/scsystem.cl\/index.php\/wp-json\/wp\/v2\/product_cat?post=77"},{"taxonomy":"product_tag","embeddable":true,"href":"https:\/\/scsystem.cl\/index.php\/wp-json\/wp\/v2\/product_tag?post=77"}],"curies":[{"name":"wp","href":"https:\/\/api.w.org\/{rel}","templated":true}]}}